{"id":172,"date":"2022-08-21T22:47:32","date_gmt":"2022-08-21T20:47:32","guid":{"rendered":"https:\/\/clemens-fensterle.de\/?page_id=172"},"modified":"2022-10-20T12:24:46","modified_gmt":"2022-10-20T10:24:46","slug":"impressum","status":"publish","type":"page","link":"https:\/\/clemens-fensterle.de\/?page_id=172","title":{"rendered":"Impressum"},"content":{"rendered":"\n<p>Angaben gem\u00e4\u00df \u00a7 5 TMG<\/p>\n\n\n\n<p>Clemens Fensterle<br>Albrecht-D\u00fcrer-Str. 192<br>97204 H\u00f6chberg<br><\/p>\n\n\n\n<p><strong>Kontakt:<\/strong><br>E-Mail:\u00a0clemens-fwd@gmx.de<\/p>\n\n\n\n<p><\/p>\n\n\n\n<p>Alle Rechte vorbehalten. Die Inhalte von clemens-fensterle.de sind urheberrechtlich gesch\u00fctzt. Text, Bilder, Grafiken, Animationen, Videos und alle weiteren Medien und Texte dieser Website d\u00fcrfen in keiner Form verwendet oder reproduziert werden, es sei denn die Informationen bzw. Grafiken etc. sind ausdr\u00fccklich f\u00fcr den weiteren Gebrauch bestimmt bzw. f\u00fcr die Weiterverarbeitung eindeutig gekennzeichnet.<\/p>\n\n\n\n<p><strong>Haftungsausschluss:<\/strong><br><br><strong>Haftung f\u00fcr Inhalte<\/strong><br><br>Die Inhalte unserer Seiten wurden mit gr\u00f6\u00dfter Sorgfalt erstellt. F\u00fcr die Richtigkeit, Vollst\u00e4ndigkeit und Aktualit\u00e4t der Inhalte k\u00f6nnen wir jedoch keine Gew\u00e4hr \u00fcbernehmen.<\/p>\n\n\n\n<p><br><strong>Haftung f\u00fcr Links<\/strong><br><br>Das Angebot enth\u00e4lt Links zu externen Webseiten Dritter, auf deren Inhalte wir keinen Einfluss haben. Deshalb k\u00f6nnen wir f\u00fcr diese fremden Inhalte auch keine Gew\u00e4hr \u00fcbernehmen. F\u00fcr die Inhalte der verlinkten Seiten ist stets der jeweilige Anbieter oder Betreiber der Seiten verantwortlich. Die verlinkten Seiten wurden zum Zeitpunkt der Verlinkung auf m\u00f6gliche Rechtsverst\u00f6\u00dfe \u00fcberpr\u00fcft. Rechtswidrige Inhalte waren zum Zeitpunkt der Verlinkung nicht erkennbar. Eine permanente inhaltliche Kontrolle der verlinkten Seiten ist jedoch ohne konkrete Anhaltspunkte einer Rechtsverletzung nicht zumutbar. Bei Bekanntwerden von Rechtsverletzungen werden wir derartige Links umgehend entfernen.<\/p>\n","protected":false},"excerpt":{"rendered":"<p>Angaben gem\u00e4\u00df \u00a7 5 TMG Clemens FensterleAlbrecht-D\u00fcrer-Str. 19297204 H\u00f6chberg Kontakt:E-Mail:\u00a0clemens-fwd@gmx.de Alle Rechte vorbehalten. Die Inhalte von clemens-fensterle.de sind urheberrechtlich gesch\u00fctzt. Text, Bilder, Grafiken, Animationen, Videos und alle weiteren Medien und Texte dieser Website d\u00fcrfen in keiner Form verwendet oder reproduziert werden, es sei denn die Informationen bzw. Grafiken etc. sind ausdr\u00fccklich f\u00fcr den weiteren Gebrauch [&hellip;]<\/p>\n","protected":false},"author":1,"featured_media":0,"parent":0,"menu_order":0,"comment_status":"closed","ping_status":"closed","template":"","meta":[],"_links":{"self":[{"href":"https:\/\/clemens-fensterle.de\/index.php?rest_route=\/wp\/v2\/pages\/172"}],"collection":[{"href":"https:\/\/clemens-fensterle.de\/index.php?rest_route=\/wp\/v2\/pages"}],"about":[{"href":"https:\/\/clemens-fensterle.de\/index.php?rest_route=\/wp\/v2\/types\/page"}],"author":[{"embeddable":true,"href":"https:\/\/clemens-fensterle.de\/index.php?rest_route=\/wp\/v2\/users\/1"}],"replies":[{"embeddable":true,"href":"https:\/\/clemens-fensterle.de\/index.php?rest_route=%2Fwp%2Fv2%2Fcomments&post=172"}],"version-history":[{"count":4,"href":"https:\/\/clemens-fensterle.de\/index.php?rest_route=\/wp\/v2\/pages\/172\/revisions"}],"predecessor-version":[{"id":316,"href":"https:\/\/clemens-fensterle.de\/index.php?rest_route=\/wp\/v2\/pages\/172\/revisions\/316"}],"wp:attachment":[{"href":"https:\/\/clemens-fensterle.de\/index.php?rest_route=%2Fwp%2Fv2%2Fmedia&parent=172"}],"curies":[{"name":"wp","href":"https:\/\/api.w.org\/{rel}","templated":true}]}}